{"id":915,"date":"2021-04-27T11:59:33","date_gmt":"2021-04-27T09:59:33","guid":{"rendered":"https:\/\/ensigndev.no\/hinnafk\/?page_id=915"},"modified":"2021-08-13T17:18:28","modified_gmt":"2021-08-13T15:18:28","slug":"lagsider-gutter-2015","status":"publish","type":"page","link":"https:\/\/ensigndev.no\/hinnafk\/lagsider-gutter-2015\/","title":{"rendered":"Lagsider &#8211; Gutter 2015"},"content":{"rendered":"\n<p>Vi \u00f8nsker alle gutter f\u00f8dt i 2015 velkommen til \u00e5 spille fotball sammen med oss. <\/p>\n\n\n\n<p>Vi har en kjempe flott gjeng med spillere og foreldre som st\u00f8tter om laget. Ta gjerne kontakt med lagledelsen om du \u00f8nsker noe mer informasjon om laget v\u00e5rt. <\/p>\n\n\n\n<p>For aktive spillere benytter vi Spond for p\u00e5meldinger og annen nyttig informasjonsdeling. Trykk p\u00e5 lenken her om du \u00f8nsker \u00e5 bli lagt til i v\u00e5r Spond gruppe: <\/p>\n\n\n\n<pre id=\"block-287ec29b-c418-4888-8d57-d13a33ccf962\" class=\"wp-block-preformatted\"><a href=\"https:\/\/group.spond.com\/WUIFF\" target=\"_blank\" rel=\"noreferrer noopener\">group.spond.com\/WUIFF<\/a><\/pre>\n\n\n\n<h2>TRENINGSTIDER<\/h2>\n\n\n\n<figure class=\"wp-block-table\"><table><tbody><tr><td>Tirsdag<\/td><td>kl.17-18<\/td><td>Hitec Products-banen<\/td><\/tr><\/tbody><\/table><\/figure>\n\n\n\n<h2 class=\"has-text-align-center\">Siste nytt fra laget<\/h2>\n\n\n\n<div class=\"wp-block-group\"><div class=\"wp-block-group__inner-container\">\n<p><strong>Vi g\u00e5r i gang med \u00e5 spille kamper! <\/strong><\/p>\n\n\n\n<p>Etter sommeren 2021 har vi valgt \u00e5 melde p\u00e5 fire lag til serien for gutter 2015. Det betyr at det blir litt kamper fremover for guttene. Guttene var ekstra stolte da de endelig fikk utdelt sine hinnadrakter og gleder seg til \u00e5 spille kamp. <\/p>\n<\/div><\/div>\n\n\n\n<div class=\"wp-block-group\"><div class=\"wp-block-group__inner-container\">\n<p><strong>Drakt<\/strong><\/p>\n\n\n\n<p>Alle spillere skal ha f\u00e5tt utdelt drakt til \u00e5 spille kamp i. Ta kontakt med oppmann Knut Bjarne Rydland om du ikke har f\u00e5tt drakt. <\/p>\n<\/div><\/div>\n\n\n\n<figure class=\"wp-block-image size-large is-style-rounded\"><img loading=\"lazy\" width=\"1024\" height=\"609\" src=\"https:\/\/ensigndev.no\/hinnafk\/wp-content\/uploads\/2021\/08\/hinna-023-1024x609.jpg\" alt=\"\" class=\"wp-image-1691\" srcset=\"https:\/\/ensigndev.no\/hinnafk\/wp-content\/uploads\/2021\/08\/hinna-023-1024x609.jpg 1024w, https:\/\/ensigndev.no\/hinnafk\/wp-content\/uploads\/2021\/08\/hinna-023-300x178.jpg 300w, https:\/\/ensigndev.no\/hinnafk\/wp-content\/uploads\/2021\/08\/hinna-023-768x456.jpg 768w, https:\/\/ensigndev.no\/hinnafk\/wp-content\/uploads\/2021\/08\/hinna-023-1536x913.jpg 1536w, https:\/\/ensigndev.no\/hinnafk\/wp-content\/uploads\/2021\/08\/hinna-023-1320x785.jpg 1320w, https:\/\/ensigndev.no\/hinnafk\/wp-content\/uploads\/2021\/08\/hinna-023.jpg 1600w\" sizes=\"(max-width: 1024px) 100vw, 1024px\" \/><\/figure>\n\n\n\n<div class=\"wp-block-buttons is-content-justification-right\">\n<div class=\"wp-block-button\" id=\"arr-btn\"><a class=\"wp-block-button__link\" href=\"\/hinnafk\/nyhetsarkiv\/\" style=\"border-radius:3px\">Nyhetsarkiv<\/a><\/div>\n<\/div>\n\n\n\n<h2 class=\"has-text-align-center\">Lagledelse<\/h2>\n\n\n\n<figure class=\"wp-block-table alignwide\"><table><tbody><tr><td><strong>Oppmann<\/strong><br>Jannicke Kvan Fr\u00f8land (996 38 727)<\/td><td><strong>Oppmann<br><\/strong>Knut Bjarne Rydland (944 97 699)<\/td><td><strong>Hovedtrener <br><\/strong>Dag \u00c5smund Str\u00f8m (975 05 155)<\/td><td><strong>Hovedtrener<\/strong><br>Thomas Norheim (481 27 387)<\/td><\/tr><\/tbody><\/table><\/figure>\n","protected":false},"excerpt":{"rendered":"<p>Vi \u00f8nsker alle gutter f\u00f8dt i 2015 velkommen til \u00e5 spille fotball sammen med oss. Vi har en kjempe flott gjeng med spillere og foreldre som st\u00f8tter om laget. Ta gjerne kontakt med lagledelsen om du \u00f8nsker noe mer informasjon om laget v\u00e5rt. For aktive spillere benytter vi Spond for p\u00e5meldinger og annen nyttig informasjonsdeling. [&hellip;]<\/p>\n","protected":false},"author":4,"featured_media":1687,"parent":0,"menu_order":0,"comment_status":"closed","ping_status":"closed","template":"","meta":{"_monsterinsights_skip_tracking":false,"_monsterinsights_sitenote_active":false,"_monsterinsights_sitenote_note":"","_monsterinsights_sitenote_category":0,"spay_email":""},"jetpack_sharing_enabled":true,"_links":{"self":[{"href":"https:\/\/ensigndev.no\/hinnafk\/wp-json\/wp\/v2\/pages\/915"}],"collection":[{"href":"https:\/\/ensigndev.no\/hinnafk\/wp-json\/wp\/v2\/pages"}],"about":[{"href":"https:\/\/ensigndev.no\/hinnafk\/wp-json\/wp\/v2\/types\/page"}],"author":[{"embeddable":true,"href":"https:\/\/ensigndev.no\/hinnafk\/wp-json\/wp\/v2\/users\/4"}],"replies":[{"embeddable":true,"href":"https:\/\/ensigndev.no\/hinnafk\/wp-json\/wp\/v2\/comments?post=915"}],"version-history":[{"count":7,"href":"https:\/\/ensigndev.no\/hinnafk\/wp-json\/wp\/v2\/pages\/915\/revisions"}],"predecessor-version":[{"id":1694,"href":"https:\/\/ensigndev.no\/hinnafk\/wp-json\/wp\/v2\/pages\/915\/revisions\/1694"}],"wp:featuredmedia":[{"embeddable":true,"href":"https:\/\/ensigndev.no\/hinnafk\/wp-json\/wp\/v2\/media\/1687"}],"wp:attachment":[{"href":"https:\/\/ensigndev.no\/hinnafk\/wp-json\/wp\/v2\/media?parent=915"}],"curies":[{"name":"wp","href":"https:\/\/api.w.org\/{rel}","templated":true}]}}