{"id":356,"date":"2020-12-08T13:45:37","date_gmt":"2020-12-08T12:45:37","guid":{"rendered":"https:\/\/ensigndev.no\/hinnafk\/?page_id=356"},"modified":"2021-04-29T10:27:09","modified_gmt":"2021-04-29T08:27:09","slug":"lagsider-gutter-2008","status":"publish","type":"page","link":"https:\/\/ensigndev.no\/hinnafk\/lagsider-gutter-2008\/","title":{"rendered":"Lagsider &#8211; Gutter 2008"},"content":{"rendered":"\n<p><strong>Hovedtrener:&nbsp;<em>\u00d8rjan Heradstveit<\/em><\/strong>, Tlf:&nbsp;452 23 144, Mail:&nbsp;<a href=\"mailto:orher@statoil.com\">orher@statoil.com<\/a><\/p>\n\n\n\n<p><strong>Oppmann:&nbsp;<\/strong>Knut Hals, Tlf: 958 57 066, Mail:&nbsp;<a href=\"mailto:knut.hals@shell.com\">knut.hals@shell.com<\/a>&nbsp;<\/p>\n\n\n\n<p>Husk Ball, Vest og drikkeflaske<\/p>\n\n\n\n<p>Alle m\u00e5 ha\/bruke leggbeskyttere p\u00e5 trening og i kamp.<\/p>\n\n\n\n<p>Nye spillere \u00f8nskes velkomne.<\/p>\n\n\n\n<p>Husk \u00e5 gi informasjon til trenere\/oppmann slik at ditt barn blir innmeldt og f\u00e5r n\u00f8dvendig forsikring.<\/p>\n\n\n\n<p>Laget bruker <strong>SPOND<\/strong> for p\u00e5melding til kamp.<\/p>\n\n\n\n<div style=\"height:43px\" aria-hidden=\"true\" class=\"wp-block-spacer\"><\/div>\n\n\n\n<h2>TRENINGSTIDER<\/h2>\n\n\n\n<figure class=\"wp-block-table\"><table><tbody><tr><td>Mandag<\/td><td>18.30 &#8211; 20.00<\/td><td>Wintershall banen<\/td><\/tr><tr><td>Onsdag<\/td><td>17.00 &#8211; 18.30<\/td><td>Wintershall banen<\/td><\/tr><tr><td>S\u00f8ndag<\/td><td>15.30 &#8211; 17.00<\/td><td>Hitec Products banen&nbsp;(Lille kr\u00f8ll)<\/td><\/tr><\/tbody><\/table><\/figure>\n\n\n\n<div style=\"height:30px\" aria-hidden=\"true\" class=\"wp-block-spacer\"><\/div>\n\n\n\n<h2 class=\"has-text-align-center\">Siste nytt fra laget<\/h2>\n\n\n<ul class=\"wp-block-latest-posts__list is-grid columns-2 has-dates wp-block-latest-posts\"><\/ul>\n\n\n<div class=\"wp-block-buttons is-content-justification-right\">\n<div class=\"wp-block-button\" id=\"arr-btn\"><a class=\"wp-block-button__link\" href=\"\/hinnafk\/nyhetsarkiv\/\" style=\"border-radius:3px\">Nyhetsarkiv<\/a><\/div>\n<\/div>\n\n\n\n<div style=\"height:30px\" aria-hidden=\"true\" class=\"wp-block-spacer\"><\/div>\n\n\n\n<h2 class=\"has-text-align-center\">Lagledelse<\/h2>\n\n\n\n<figure class=\"wp-block-table alignwide\"><table><tbody><tr><td><strong>Oppmann \/ hjelpetrener \/ inkluderingskontakt \/ sosialkomit\u00e9<br><\/strong>Knut Hals<br>Tlf: 958 57 066<br><a href=\"mailto:knut.hals@shell.com\">knut.hals@shell.com<\/a><\/td><td><strong>Dugnads Ansvarlig<\/strong><br>Erling Marthinsen<br>Tlf: 905 50 080<br><a href=\"mailto:erling.marthinsen@hotmail.com\">erling.marthinsen@hotmail.com<\/a><\/td><td><strong>Hovedtrener<\/strong><br>\u00d8rjan Heradstveit<br>Tlf: 452 23 144 <a href=\"mailto:orher@statoil.com\">orher@statoil.com<\/a><\/td><\/tr><tr><td><strong>Hjelpetrener<\/strong>&nbsp;<br>\u00d8istein Fosse Mathisen<br>Tlf:&nbsp;414 73 488<br><a href=\"mailto:oeisma@gmail.com\">oeisma@gmail.com<\/a><\/td><td><strong>Hjelpetrener<\/strong> <strong>\/<\/strong> <strong>sosialkomit\u00e9<\/strong><br>Kjetil Thulin<br>Tlf: 975 24 211<br><a href=\"mailto:kt@spector.no\">kt@spector.no<\/a><\/td><td><strong>Hjelpetrener<\/strong>&nbsp;<br>Kenneth Junker Asbj\u00f8rnsen<br>Tlf: 975 68 164<br><a href=\"mailto:kenneth.asbjornsen@gmail.com\">kenneth.asbjornsen@gmail.com<\/a><\/td><\/tr><tr><td><strong>Hjelpetrener<\/strong>&nbsp;<br>Karl Morten Skj\u00e6veland<br>Tlf: 917 54 546 <a href=\"mailto:kmskjaveland@optimarin.com\">kmskjaveland@optimarin.com<\/a><\/td><td><strong>Hjelpetrener<\/strong><br>Helge Pollestad<br><a href=\"mailto:helge.pollestad@jaerbygg.no\">helge.pollestad@jaerbygg.no<\/a><\/td><td><strong>Hjelpetrener<\/strong><br>Morten Aanesen<br>Tlf: 952 00 119<br><a href=\"mailto:mortenaa79@gmail.com\">mortenaa79@gmail.com<\/a><\/td><\/tr><tr><td><strong>Hjelpetrener<\/strong><br>Roger Knutsen<br>Tlf: 915 39 556<br><a href=\"mailto:roger.knutsen@seadrill.com\">roger.knutsen@seadrill.com<\/a><\/td><td><strong>Hjelpetrener<\/strong> <strong>\/ lagkoordinator Hinna 3<\/strong><br>Kenneth Ommundsen<br>Tlf: 913 03 136<br><a href=\"mailto:kennarhe@yahoo.no\">kennarhe@yahoo.no<\/a><\/td><td><strong>Lagkoordinator Hinna 2<\/strong><br>Marit Jensen<br>Tlf:&nbsp;988 62 102<br><a href=\"mailto:marit@klinikkaktivhelse.no\">marit@klinikkaktivhelse.no<\/a><\/td><\/tr><tr><td><strong>Lagkoordinator Hinna 4<\/strong><br>Knu Bjarne Rydland<br>Tlf: 973 04 840<br><a href=\"mailto:kbryd@msn.com\">kbryd@msn.com<\/a><\/td><td><strong>Lagkoordinator Hinna 1<\/strong><br>Anne Brit Torvestad<br>Tlf: 952 00 119<br><a href=\"mailto:anne_brit_torvestad@hotmail.com\">anne_brit_torvestad@hotmail.com<\/a><\/td><td><strong>Lagkoordinator Hinna 5<\/strong><br>Heming Indreland<br>Tlf: 922 27 405 <a href=\"mailto:heming.indreland@skole.rogfk.no\">heming.indreland@skole.rogfk.no<\/a><br>&nbsp;<\/td><\/tr><tr><td><strong>Materialforvalter \/ webkontakt<\/strong><br>K\u00e5re Bastlid<br>Tlf 957 90 585<br><a href=\"mailto:kaare.bastlid@lyse.net\">kaare.bastlid@lyse.net<\/a><\/td><td><strong>Materialforvalter<\/strong><br>Bengt Enersg\u00e5rd<br>Tlf: 992 93 744<br><a href=\"mailto:bengtenersgard@gmail.com\">bengtenersgard@gmail.com<\/a><\/td><td><strong>Materialforvalter<\/strong><br>Jon-Daniel Nordvik<br>Tlf: 907 54 980<br><a href=\"mailto:jdnordvik@gmail.com\">jdnordvik@gmail.com<\/a><\/td><\/tr><\/tbody><\/table><\/figure>\n","protected":false},"excerpt":{"rendered":"<p>Hovedtrener:&nbsp;\u00d8rjan Heradstveit, Tlf:&nbsp;452 23 144, Mail:&nbsp;orher@statoil.com Oppmann:&nbsp;Knut Hals, Tlf: 958 57 066, Mail:&nbsp;knut.hals@shell.com&nbsp; Husk Ball, Vest og drikkeflaske Alle m\u00e5 ha\/bruke leggbeskyttere p\u00e5 trening og i kamp. Nye spillere \u00f8nskes velkomne. Husk \u00e5 gi informasjon til trenere\/oppmann slik at ditt barn blir innmeldt og f\u00e5r n\u00f8dvendig forsikring. Laget bruker SPOND for p\u00e5melding til kamp. TRENINGSTIDER [&hellip;]<\/p>\n","protected":false},"author":1,"featured_media":0,"parent":0,"menu_order":0,"comment_status":"closed","ping_status":"closed","template":"","meta":{"_monsterinsights_skip_tracking":false,"_monsterinsights_sitenote_active":false,"_monsterinsights_sitenote_note":"","_monsterinsights_sitenote_category":0,"spay_email":""},"jetpack_sharing_enabled":true,"_links":{"self":[{"href":"https:\/\/ensigndev.no\/hinnafk\/wp-json\/wp\/v2\/pages\/356"}],"collection":[{"href":"https:\/\/ensigndev.no\/hinnafk\/wp-json\/wp\/v2\/pages"}],"about":[{"href":"https:\/\/ensigndev.no\/hinnafk\/wp-json\/wp\/v2\/types\/page"}],"author":[{"embeddable":true,"href":"https:\/\/ensigndev.no\/hinnafk\/wp-json\/wp\/v2\/users\/1"}],"replies":[{"embeddable":true,"href":"https:\/\/ensigndev.no\/hinnafk\/wp-json\/wp\/v2\/comments?post=356"}],"version-history":[{"count":6,"href":"https:\/\/ensigndev.no\/hinnafk\/wp-json\/wp\/v2\/pages\/356\/revisions"}],"predecessor-version":[{"id":945,"href":"https:\/\/ensigndev.no\/hinnafk\/wp-json\/wp\/v2\/pages\/356\/revisions\/945"}],"wp:attachment":[{"href":"https:\/\/ensigndev.no\/hinnafk\/wp-json\/wp\/v2\/media?parent=356"}],"curies":[{"name":"wp","href":"https:\/\/api.w.org\/{rel}","templated":true}]}}