{"id":350,"date":"2020-12-08T13:44:58","date_gmt":"2020-12-08T12:44:58","guid":{"rendered":"https:\/\/ensigndev.no\/hinnafk\/?page_id=350"},"modified":"2021-04-29T10:18:45","modified_gmt":"2021-04-29T08:18:45","slug":"lagsider-golden-boys","status":"publish","type":"page","link":"https:\/\/ensigndev.no\/hinnafk\/lagsider-golden-boys\/","title":{"rendered":"Lagsider &#8211; Golden Boys"},"content":{"rendered":"\n<p>Vi er Hinna2 i 6.divisjon. trener 2 ganger i uka for \u00e5 ha det g\u00f8y, samt \u00e5 komme oss i bedre form.&nbsp;Alle er velkomne.&nbsp;Det anbefales ogs\u00e5 \u00e5 ta med et par kompiser.<\/p>\n\n\n\n<p><a href=\"https:\/\/www.facebook.com\/groups\/189678049646\/\" data-type=\"URL\" data-id=\"https:\/\/www.facebook.com\/groups\/189678049646\/\">Meld deg inn i v\u00e5r Facebook-gruppe<\/a><\/p>\n\n\n\n<h4>For nye spillere<\/h4>\n\n\n\n<p>Vi setter stor pris p\u00e5 alle som \u00f8nsker \u00e5 v\u00e6re med p\u00e5 Golden Boys!<\/p>\n\n\n\n<p>Er du ny i klubben er det noen sm\u00e5 ting som m\u00e5 ordnes f\u00f8r du er er spilleklar.<\/p>\n\n\n\n<p>1. Du m\u00e5 fylle ut overgangsskjema og ta det med p\u00e5 trening. Pr\u00f8v \u00e5 gj\u00f8re det s\u00e5 raskt som mulig. Desto lengre du trener uten, desto st\u00f8rre sjanse er det for \u00e5 ikke bli spilleberettiget til kampene.<\/p>\n\n\n\n<p>2. Signer side 1 og 3. Samt sjekk med din forrige klubb, og be dem fylle ut p\u00e5 side 3 at du kan bytte.<\/p>\n\n\n\n<p>3. N\u00e5r dette er p\u00e5 plass er det Hinna Fotball som legger ut overgangsbel\u00f8pet og ordner formaliteter.<\/p>\n\n\n\n<p>SKJEMA 1: OVERGANG FOR AMAT\u00d8RSPILLER:&nbsp;<a href=\"http:\/\/www.fotball.no\/Documents\/Skjemaer\/2010\/Overganger_utlaan\/Overgangsskjema_spillere_uten_kontrakt.pdf\">http:\/\/www.fotball.no\/Documents\/Skjemaer\/2010\/Overganger_utlaan\/Overgangsskjema_spillere_uten_kontrakt.pdf<\/a><\/p>\n\n\n\n<p>SKJEMA 2: Dersom du ikke har spilt aktiv&nbsp;fotball siden f\u00f8r 2009 sesongen:&nbsp;<a href=\"http:\/\/www.fotball.no\/Documents\/Skjemaer\/2010\/Overganger_utlaan\/Endring_av_klubbtilhorighet_ver1_NFF_2010.pdf?epslanguage=en\">http:\/\/www.fotball.no\/Documents\/Skjemaer\/2010\/Overganger_utlaan\/Endring_av_klubbtilhorighet_ver1_NFF_2010.pdf?epslanguage=en<\/a><\/p>\n\n\n\n<div style=\"height:49px\" aria-hidden=\"true\" class=\"wp-block-spacer\"><\/div>\n\n\n\n<h2>Treningstider<\/h2>\n\n\n\n<figure class=\"wp-block-table\"><table><tbody><tr><td>Mandag<\/td><td>20.00 &#8211; 22.00<\/td><td>Kunstgress<\/td><\/tr><tr><td>Torsdag<\/td><td>20.00 &#8211; 22.00<\/td><td>Kunstgress<\/td><\/tr><\/tbody><\/table><\/figure>\n\n\n\n<div style=\"height:31px\" aria-hidden=\"true\" class=\"wp-block-spacer\"><\/div>\n\n\n\n<h2 class=\"has-text-align-center\">Siste nytt fra laget<\/h2>\n\n\n<ul class=\"wp-block-latest-posts__list is-grid columns-2 has-dates wp-block-latest-posts\"><\/ul>\n\n\n<div class=\"wp-block-buttons is-content-justification-right\">\n<div class=\"wp-block-button\" id=\"arr-btn\"><a class=\"wp-block-button__link\" href=\"\/hinnafk\/nyhetsarkiv\/\" style=\"border-radius:3px\">Nyhetsarkiv<\/a><\/div>\n<\/div>\n\n\n\n<div style=\"height:31px\" aria-hidden=\"true\" class=\"wp-block-spacer\"><\/div>\n\n\n\n<h2 class=\"has-text-align-center\">Lagledelse<\/h2>\n\n\n\n<figure class=\"wp-block-table alignwide\"><table><tbody><tr><td><strong>Trener<\/strong><br>Kristian Boganes <br>Tlf: 922 67 579<br><a href=\"mailto:Kristyan224@gmail.com\">Kristyan224@gmail.com<\/a><\/td><td><strong>Trener<\/strong><br>Jan Gudmundsen<br>Tlf: 911 00 649<br><a href=\"mailto:jgudmundsen@hotmail.com\">jgudmundsen@hotmail.com<\/a><\/td><td><strong>Trener 7&#8217;er<\/strong><br>Eirik Moen<br><a href=\"mailto:eia_m91@hotmail.com\">eia_m91@hotmail.com<\/a><\/td><\/tr><tr><td><strong>Oppmann<\/strong><br>Nils Petter Aarrestad<br>Tlf: 951 43 213<br><a href=\"mailto:ffo@hinnafk.no\">ffo@hinnafk.no<\/a><\/td><td><\/td><td><\/td><\/tr><\/tbody><\/table><\/figure>\n","protected":false},"excerpt":{"rendered":"<p>Vi er Hinna2 i 6.divisjon. trener 2 ganger i uka for \u00e5 ha det g\u00f8y, samt \u00e5 komme oss i bedre form.&nbsp;Alle er velkomne.&nbsp;Det anbefales ogs\u00e5 \u00e5 ta med et par kompiser. Meld deg inn i v\u00e5r Facebook-gruppe For nye spillere Vi setter stor pris p\u00e5 alle som \u00f8nsker \u00e5 v\u00e6re med p\u00e5 Golden Boys! [&hellip;]<\/p>\n","protected":false},"author":1,"featured_media":0,"parent":0,"menu_order":0,"comment_status":"closed","ping_status":"closed","template":"","meta":{"_monsterinsights_skip_tracking":false,"_monsterinsights_sitenote_active":false,"_monsterinsights_sitenote_note":"","_monsterinsights_sitenote_category":0,"spay_email":""},"jetpack_sharing_enabled":true,"_links":{"self":[{"href":"https:\/\/ensigndev.no\/hinnafk\/wp-json\/wp\/v2\/pages\/350"}],"collection":[{"href":"https:\/\/ensigndev.no\/hinnafk\/wp-json\/wp\/v2\/pages"}],"about":[{"href":"https:\/\/ensigndev.no\/hinnafk\/wp-json\/wp\/v2\/types\/page"}],"author":[{"embeddable":true,"href":"https:\/\/ensigndev.no\/hinnafk\/wp-json\/wp\/v2\/users\/1"}],"replies":[{"embeddable":true,"href":"https:\/\/ensigndev.no\/hinnafk\/wp-json\/wp\/v2\/comments?post=350"}],"version-history":[{"count":7,"href":"https:\/\/ensigndev.no\/hinnafk\/wp-json\/wp\/v2\/pages\/350\/revisions"}],"predecessor-version":[{"id":940,"href":"https:\/\/ensigndev.no\/hinnafk\/wp-json\/wp\/v2\/pages\/350\/revisions\/940"}],"wp:attachment":[{"href":"https:\/\/ensigndev.no\/hinnafk\/wp-json\/wp\/v2\/media?parent=350"}],"curies":[{"name":"wp","href":"https:\/\/api.w.org\/{rel}","templated":true}]}}