{"id":342,"date":"2020-12-08T13:43:42","date_gmt":"2020-12-08T12:43:42","guid":{"rendered":"https:\/\/ensigndev.no\/hinnafk\/?page_id=342"},"modified":"2021-04-29T10:58:36","modified_gmt":"2021-04-29T08:58:36","slug":"lagsider-jenter-2013","status":"publish","type":"page","link":"https:\/\/ensigndev.no\/hinnafk\/lagsider-jenter-2013\/","title":{"rendered":"Lagsider &#8211; Jenter 2013"},"content":{"rendered":"\n<p>Det er bare \u00e5 stille p\u00e5 trening. Ved sp\u00f8rsm\u00e5l kontakt oppmann Roger Iversen.<\/p>\n\n\n\n<p><strong>Hjertelig velkommen skal dere v\u00e6re<\/strong>!<\/p>\n\n\n\n<p><a rel=\"noreferrer noopener\" href=\"https:\/\/www.facebook.com\/groups\/307660259800751\/\" target=\"_blank\"><strong>Hinna Jenter 2013 p\u00e5 Facebook<\/strong><\/a><\/p>\n\n\n\n<div style=\"height:48px\" aria-hidden=\"true\" class=\"wp-block-spacer\"><\/div>\n\n\n\n<h2>Treningstider<\/h2>\n\n\n\n<figure class=\"wp-block-table\"><table><tbody><tr><td>Torsdag<\/td><td>17.00 &#8211; 18.00<\/td><td>J\u00e5tten Skoles gymsal<\/td><\/tr><\/tbody><\/table><\/figure>\n\n\n\n<div style=\"height:30px\" aria-hidden=\"true\" class=\"wp-block-spacer\"><\/div>\n\n\n\n<h2 class=\"has-text-align-center\">Siste nytt fra laget<\/h2>\n\n\n<ul class=\"wp-block-latest-posts__list is-grid columns-2 has-dates wp-block-latest-posts\"><\/ul>\n\n\n<div class=\"wp-block-buttons is-content-justification-right\">\n<div class=\"wp-block-button\" id=\"arr-btn\"><a class=\"wp-block-button__link\" href=\"\/hinnafk\/nyhetsarkiv\/\" style=\"border-radius:3px\">Nyhetsarkiv<\/a><\/div>\n<\/div>\n\n\n\n<div style=\"height:100px\" aria-hidden=\"true\" class=\"wp-block-spacer\"><\/div>\n","protected":false},"excerpt":{"rendered":"<p>Det er bare \u00e5 stille p\u00e5 trening. Ved sp\u00f8rsm\u00e5l kontakt oppmann Roger Iversen. Hjertelig velkommen skal dere v\u00e6re! Hinna Jenter 2013 p\u00e5 Facebook Treningstider Torsdag 17.00 &#8211; 18.00 J\u00e5tten Skoles gymsal Siste nytt fra laget<\/p>\n","protected":false},"author":1,"featured_media":485,"parent":0,"menu_order":0,"comment_status":"closed","ping_status":"closed","template":"","meta":{"_monsterinsights_skip_tracking":false,"_monsterinsights_sitenote_active":false,"_monsterinsights_sitenote_note":"","_monsterinsights_sitenote_category":0,"spay_email":""},"jetpack_sharing_enabled":true,"_links":{"self":[{"href":"https:\/\/ensigndev.no\/hinnafk\/wp-json\/wp\/v2\/pages\/342"}],"collection":[{"href":"https:\/\/ensigndev.no\/hinnafk\/wp-json\/wp\/v2\/pages"}],"about":[{"href":"https:\/\/ensigndev.no\/hinnafk\/wp-json\/wp\/v2\/types\/page"}],"author":[{"embeddable":true,"href":"https:\/\/ensigndev.no\/hinnafk\/wp-json\/wp\/v2\/users\/1"}],"replies":[{"embeddable":true,"href":"https:\/\/ensigndev.no\/hinnafk\/wp-json\/wp\/v2\/comments?post=342"}],"version-history":[{"count":6,"href":"https:\/\/ensigndev.no\/hinnafk\/wp-json\/wp\/v2\/pages\/342\/revisions"}],"predecessor-version":[{"id":961,"href":"https:\/\/ensigndev.no\/hinnafk\/wp-json\/wp\/v2\/pages\/342\/revisions\/961"}],"wp:featuredmedia":[{"embeddable":true,"href":"https:\/\/ensigndev.no\/hinnafk\/wp-json\/wp\/v2\/media\/485"}],"wp:attachment":[{"href":"https:\/\/ensigndev.no\/hinnafk\/wp-json\/wp\/v2\/media?parent=342"}],"curies":[{"name":"wp","href":"https:\/\/api.w.org\/{rel}","templated":true}]}}