{"id":322,"date":"2020-12-08T13:41:09","date_gmt":"2020-12-08T12:41:09","guid":{"rendered":"https:\/\/ensigndev.no\/hinnafk\/?page_id=322"},"modified":"2021-04-29T11:08:35","modified_gmt":"2021-04-29T09:08:35","slug":"lagsider-gutter-2003","status":"publish","type":"page","link":"https:\/\/ensigndev.no\/hinnafk\/lagsider-gutter-2003\/","title":{"rendered":"Lagsider &#8211; Junior Bredde"},"content":{"rendered":"\n<p>Vi er omtrent 20 ivrige spillere som spiller fotball p\u00e5 v\u00e5rt G16 lag i 2. divisjon. I tillegg spiller noen av oss kamper p\u00e5 juniorniv\u00e5. Vi har en ambisjon om \u00e5 v\u00e6re ett attraktivt og sosialt ansvarlig milj\u00f8 som tilbyr et sportslig utfordrende tilbud til alle niv\u00e5er. Har du lyst \u00e5 v\u00e6re med p\u00e5 laget v\u00e5rt? Da m\u00f8ter du opp p\u00e5 en trening og kontakter treneren der.<\/p>\n\n\n\n<div style=\"height:32px\" aria-hidden=\"true\" class=\"wp-block-spacer\"><\/div>\n\n\n\n<h2 id=\"treningstider\">Treningstider<\/h2>\n\n\n\n<figure class=\"wp-block-table\"><table><tbody><tr><td>Mandag<\/td><td>17.00 &#8211; 18.30<\/td><td><\/td><\/tr><tr><td>Onsdag<\/td><td>17.00 &#8211; 18.30<\/td><td><\/td><\/tr><tr><td>Torsdag<\/td><td>17.30 &#8211; 19.00<\/td><td>J\u00e5tt\u00e5v\u00e5gen<\/td><\/tr><tr><td>S\u00f8ndag<\/td><td>16.00 &#8211; 17.30<\/td><td><\/td><\/tr><\/tbody><\/table><\/figure>\n\n\n\n<div style=\"height:30px\" aria-hidden=\"true\" class=\"wp-block-spacer\"><\/div>\n\n\n\n<h2 class=\"has-text-align-center\" id=\"sistenytt\">Siste nytt fra laget<\/h2>\n\n\n<ul class=\"wp-block-latest-posts__list is-grid columns-2 has-dates wp-block-latest-posts\"><\/ul>\n\n\n<div class=\"wp-block-buttons is-content-justification-right\">\n<div class=\"wp-block-button\" id=\"arr-btn\"><a class=\"wp-block-button__link\" href=\"\/hinnafk\/nyhetsarkiv\/\" style=\"border-radius:3px\">Nyhetsarkiv<\/a><\/div>\n<\/div>\n\n\n\n<div style=\"height:30px\" aria-hidden=\"true\" class=\"wp-block-spacer\"><\/div>\n\n\n\n<h2 class=\"has-text-align-center\" id=\"lagledelse\">Lagledelse<\/h2>\n\n\n\n<figure class=\"wp-block-table alignwide\"><table><tbody><tr><td><strong>Hovedtrener<\/strong><br>Thomas Pedersen&nbsp;<br><a href=\"mailto:thomas_pedersen_96@hotmail.com\">thomas_pedersen_96@hotmail.com<\/a><\/td><td><strong>Oppmann<\/strong><br>P\u00e5l Erik Gjerde<br>Tlf: 958 38 548<br><a href=\"mailto:pal.erik.gjerde@lyse.net\">pal.erik.gjerde@lyse.net<\/a><\/td><td><strong>Dugnadsansvarlig<br><\/strong>Joanna Fraser<br>Tlf: 918 92 633<br><a href=\"mailto:joanna.fraser@bakerhughes.com\">joanna.fraser@bakerhughes.com<\/a><\/td><\/tr><\/tbody><\/table><\/figure>\n\n\n\n<div style=\"height:30px\" aria-hidden=\"true\" class=\"wp-block-spacer\"><\/div>\n","protected":false},"excerpt":{"rendered":"<p>Vi er omtrent 20 ivrige spillere som spiller fotball p\u00e5 v\u00e5rt G16 lag i 2. divisjon. I tillegg spiller noen av oss kamper p\u00e5 juniorniv\u00e5. Vi har en ambisjon om \u00e5 v\u00e6re ett attraktivt og sosialt ansvarlig milj\u00f8 som tilbyr et sportslig utfordrende tilbud til alle niv\u00e5er. Har du lyst \u00e5 v\u00e6re med p\u00e5 laget [&hellip;]<\/p>\n","protected":false},"author":1,"featured_media":520,"parent":0,"menu_order":0,"comment_status":"closed","ping_status":"closed","template":"","meta":{"_monsterinsights_skip_tracking":false,"_monsterinsights_sitenote_active":false,"_monsterinsights_sitenote_note":"","_monsterinsights_sitenote_category":0,"spay_email":""},"jetpack_sharing_enabled":true,"_links":{"self":[{"href":"https:\/\/ensigndev.no\/hinnafk\/wp-json\/wp\/v2\/pages\/322"}],"collection":[{"href":"https:\/\/ensigndev.no\/hinnafk\/wp-json\/wp\/v2\/pages"}],"about":[{"href":"https:\/\/ensigndev.no\/hinnafk\/wp-json\/wp\/v2\/types\/page"}],"author":[{"embeddable":true,"href":"https:\/\/ensigndev.no\/hinnafk\/wp-json\/wp\/v2\/users\/1"}],"replies":[{"embeddable":true,"href":"https:\/\/ensigndev.no\/hinnafk\/wp-json\/wp\/v2\/comments?post=322"}],"version-history":[{"count":12,"href":"https:\/\/ensigndev.no\/hinnafk\/wp-json\/wp\/v2\/pages\/322\/revisions"}],"predecessor-version":[{"id":965,"href":"https:\/\/ensigndev.no\/hinnafk\/wp-json\/wp\/v2\/pages\/322\/revisions\/965"}],"wp:featuredmedia":[{"embeddable":true,"href":"https:\/\/ensigndev.no\/hinnafk\/wp-json\/wp\/v2\/media\/520"}],"wp:attachment":[{"href":"https:\/\/ensigndev.no\/hinnafk\/wp-json\/wp\/v2\/media?parent=322"}],"curies":[{"name":"wp","href":"https:\/\/api.w.org\/{rel}","templated":true}]}}