{"id":314,"date":"2020-12-08T13:39:59","date_gmt":"2020-12-08T12:39:59","guid":{"rendered":"https:\/\/ensigndev.no\/hinnafk\/?page_id=314"},"modified":"2021-04-29T10:57:48","modified_gmt":"2021-04-29T08:57:48","slug":"lagsider-jenter-2011","status":"publish","type":"page","link":"https:\/\/ensigndev.no\/hinnafk\/lagsider-jenter-2011\/","title":{"rendered":"Lagsider &#8211; Jenter 2011"},"content":{"rendered":"\n<p>Ta med deg ball og drikkeflaske. Husk at det er obligatorisk \u00e5 bruke leggbeskyttere p\u00e5 trening og i kamp.<\/p>\n\n\n\n<p>Nye spillere er velkomne! Husk \u00e5 gi beskjed til trenere\/oppmann slik at barnet blir innmeldt og f\u00e5r n\u00f8dvendig forsikring.&nbsp;<\/p>\n\n\n\n<p>Se seksjon for lagledelse for kontaktinformasjon.<\/p>\n\n\n\n<div style=\"height:50px\" aria-hidden=\"true\" class=\"wp-block-spacer\"><\/div>\n\n\n\n<h2>Treningstider<\/h2>\n\n\n\n<figure class=\"wp-block-table\"><table><tbody><tr><td>Tirsdag<\/td><td>18.00 &#8211; 19.00<\/td><td>Hitec Products banen (Lille kr\u00f8ll)<\/td><\/tr><tr><td>Torsdag<\/td><td>18.00 &#8211; 19.00<\/td><td>Hitec Products banen (Lille kr\u00f8ll)<\/td><\/tr><\/tbody><\/table><\/figure>\n\n\n\n<div style=\"height:29px\" aria-hidden=\"true\" class=\"wp-block-spacer\"><\/div>\n\n\n\n<h2 class=\"has-text-align-center\">Siste nytt fra laget<\/h2>\n\n\n<ul class=\"wp-block-latest-posts__list is-grid columns-2 has-dates wp-block-latest-posts\"><\/ul>\n\n\n<div class=\"wp-block-buttons is-content-justification-right\">\n<div class=\"wp-block-button\" id=\"arr-btn\"><a class=\"wp-block-button__link\" href=\"\/hinnafk\/nyhetsarkiv\/\" style=\"border-radius:3px\">Nyhetsarkiv<\/a><\/div>\n<\/div>\n\n\n\n<div style=\"height:29px\" aria-hidden=\"true\" class=\"wp-block-spacer\"><\/div>\n\n\n\n<h2 class=\"has-text-align-center\">Lagledelse<\/h2>\n\n\n\n<figure class=\"wp-block-table alignwide\"><table><tbody><tr><td><strong>Oppmann<\/strong><br>Sturle Tvedten<br>Tlf: 906 89 650<br><a href=\"mailto:sttve@statoil.com\">sttve@statoil.com<\/a><\/td><td><strong>Hovedtrener<\/strong><br>Steinar Leiros<br>Tlf: 996 36 933<br><a href=\"mailto:steinarleiros@hotmail.com\">steinarleiros@hotmail.com<\/a><\/td><td><strong>Trener<\/strong><br>Andre Netland Holte<br>Tlf: 943 86 911<br><a href=\"mailto:hk@oof.no\">hk@oof.no<\/a><\/td><\/tr><tr><td><strong>Hjelpetrener<\/strong><br>Kristin Langfj\u00e6ran<br>970 15 786<br><a href=\"mailto:kristin.langfjaran@gmail.com\">kristin.langfjaran@gmail.com<\/a><\/td><td><strong>Trener<\/strong><br>Tor Odd Barka Stensen<\/td><td><strong>Materialforvalter<\/strong><br>Alexsander Tungesvik<br>Tlf: 959 88 438<br><a href=\"mailto:atungesvik@hotmail.com\">atungesvik@hotmail.com<\/a><\/td><\/tr><tr><td><strong>Hjelpetrener<\/strong><br>Yngve Fr\u00f8yland<br>Tlf: 906 09 299<br><a href=\"mailto:yngve.froyland@lyse.net\">yngve.froyland@lyse.net<\/a><\/td><td><strong>Webansvarlig<\/strong><br>Arne Vistnes<br>Tlf: 906 51 669<br><a href=\"mailto:avistnes@gmail.com\">avistnes@gmail.com<\/a><\/td><td><strong>Dugnadsansvarlig<\/strong><br>Johanna P\u00e4\u00e4j\u00e4rvi<br>Tlf: 921 12 740<br><a href=\"mailto:johanna_82@hotmail.com\">johanna_82@hotmail.com<\/a><\/td><\/tr><\/tbody><\/table><\/figure>\n","protected":false},"excerpt":{"rendered":"<p>Ta med deg ball og drikkeflaske. Husk at det er obligatorisk \u00e5 bruke leggbeskyttere p\u00e5 trening og i kamp. Nye spillere er velkomne! Husk \u00e5 gi beskjed til trenere\/oppmann slik at barnet blir innmeldt og f\u00e5r n\u00f8dvendig forsikring.&nbsp; Se seksjon for lagledelse for kontaktinformasjon. Treningstider Tirsdag 18.00 &#8211; 19.00 Hitec Products banen (Lille kr\u00f8ll) Torsdag [&hellip;]<\/p>\n","protected":false},"author":1,"featured_media":477,"parent":0,"menu_order":0,"comment_status":"closed","ping_status":"closed","template":"","meta":{"_monsterinsights_skip_tracking":false,"_monsterinsights_sitenote_active":false,"_monsterinsights_sitenote_note":"","_monsterinsights_sitenote_category":0,"spay_email":""},"jetpack_sharing_enabled":true,"_links":{"self":[{"href":"https:\/\/ensigndev.no\/hinnafk\/wp-json\/wp\/v2\/pages\/314"}],"collection":[{"href":"https:\/\/ensigndev.no\/hinnafk\/wp-json\/wp\/v2\/pages"}],"about":[{"href":"https:\/\/ensigndev.no\/hinnafk\/wp-json\/wp\/v2\/types\/page"}],"author":[{"embeddable":true,"href":"https:\/\/ensigndev.no\/hinnafk\/wp-json\/wp\/v2\/users\/1"}],"replies":[{"embeddable":true,"href":"https:\/\/ensigndev.no\/hinnafk\/wp-json\/wp\/v2\/comments?post=314"}],"version-history":[{"count":6,"href":"https:\/\/ensigndev.no\/hinnafk\/wp-json\/wp\/v2\/pages\/314\/revisions"}],"predecessor-version":[{"id":959,"href":"https:\/\/ensigndev.no\/hinnafk\/wp-json\/wp\/v2\/pages\/314\/revisions\/959"}],"wp:featuredmedia":[{"embeddable":true,"href":"https:\/\/ensigndev.no\/hinnafk\/wp-json\/wp\/v2\/media\/477"}],"wp:attachment":[{"href":"https:\/\/ensigndev.no\/hinnafk\/wp-json\/wp\/v2\/media?parent=314"}],"curies":[{"name":"wp","href":"https:\/\/api.w.org\/{rel}","templated":true}]}}