{"id":310,"date":"2020-12-08T13:38:20","date_gmt":"2020-12-08T12:38:20","guid":{"rendered":"https:\/\/ensigndev.no\/hinnafk\/?page_id=310"},"modified":"2021-06-07T10:04:06","modified_gmt":"2021-06-07T08:04:06","slug":"lagsider-gutter-2009","status":"publish","type":"page","link":"https:\/\/ensigndev.no\/hinnafk\/lagsider-gutter-2009\/","title":{"rendered":"Lagsider &#8211; Gutter 2009"},"content":{"rendered":"\n<p>Nye spillere som \u00f8nsker \u00e5 pr\u00f8ve seg &#8211; dere er hjertelig velkomne! Kontakt oppmann Kristin Helleren (<a href=\"mailto:kristin.helleren@broadpark.no\">kristin.helleren@broadpark.no<\/a>) for mer info.<\/p>\n\n\n\n<p>F\u00f8lg ogs\u00e5 med p\u00e5 Facebook-siden &laquo;<a href=\"https:\/\/www.facebook.com\/groups\/1916201981950474\/\">Hinna fotball G09<\/a>&raquo; for informasjon rundt laget.<\/p>\n\n\n\n<p><\/p>\n\n\n\n<p><strong>Velkommen p\u00e5 trening! PS &#8211; husk&nbsp; vest, vannflaske og leggbeskyttere!<\/strong><\/p>\n\n\n\n<div style=\"height:44px\" aria-hidden=\"true\" class=\"wp-block-spacer\"><\/div>\n\n\n\n<h2>TRENINGSTIDER<\/h2>\n\n\n\n<figure class=\"wp-block-table\"><table><tbody><tr><td>Tirsdag<\/td><td>17.00 &#8211; 18.30<\/td><td>NSE banen (banen med l\u00f8pebane rundt)<\/td><\/tr><tr><td>Torsdag<\/td><td>18.30 &#8211; 20.00<\/td><td>NSE banen (banen med l\u00f8pebane rundt)<\/td><\/tr><\/tbody><\/table><figcaption>Oppm\u00f8te er 10 minutter f\u00f8r oppsatt tid, slik at spillerne er klar presis!<\/figcaption><\/figure>\n\n\n\n<div style=\"height:30px\" aria-hidden=\"true\" class=\"wp-block-spacer\"><\/div>\n\n\n\n<h2 class=\"has-text-align-center\">Siste nytt fra laget<\/h2>\n\n\n\n<div class=\"wp-block-buttons is-content-justification-right\">\n<div class=\"wp-block-button\" id=\"arr-btn\"><a class=\"wp-block-button__link\" href=\"\/hinnafk\/nyhetsarkiv\/\" style=\"border-radius:3px\">Nyhetsarkiv<\/a><\/div>\n<\/div>\n\n\n\n<div style=\"height:30px\" aria-hidden=\"true\" class=\"wp-block-spacer\"><\/div>\n\n\n\n<h2 class=\"has-text-align-center\">Lagledelse<\/h2>\n\n\n\n<figure class=\"wp-block-table alignwide\"><table><tbody><tr><td><strong>Hovedtrener<\/strong><br>Heming Indreland<br>Tlf: 992 27 405<br><a href=\"mailto:heming.indreland@skole.rogfk.no\">heming.indreland@skole.rogfk.no<\/a><\/td><td><strong>Hovedtrener<br><\/strong>Nina Hetland<br>Tlf: 918 73 973<br><a href=\"mailto:nina.hetland72@gmail.com\">nina.hetland72@gmail.com<\/a><\/td><td><\/td><\/tr><tr><td><strong>Trener<\/strong><br>Bj\u00f8rnar Fahle<br>Tlf: 971 62 570<br><a href=\"mailto:bjornar.fahle@gmail.com\">bjornar.fahle@gmail.com<\/a><\/td><td><strong>Trener<\/strong><br>Geir Trygve Mj\u00f8lhus<br>Tlf: 966 10 004<br><a href=\"mailto:geirtrygve@gmail.com\">geirtrygve@gmail.com<\/a><\/td><td><strong>Trener<\/strong><br>Anton Eriksson<br>Tlf: 982 10 653<br><a href=\"mailto:karl_anton_@hotmail.com\">karl_anton_@hotmail.com<\/a><\/td><\/tr><tr><td><strong>Material<\/strong><br>Beate Viddal<br>Tlf: 922 54 621<br><a href=\"mailto:beate.viddal@lyse.net\">beate.viddal@lyse.net<\/a><\/td><td><strong>Oppmann<\/strong><br>Kristin Helleren<br>Tlf: 480 80 161<br><a href=\"mailto:kristin.helleren@broadpark.no\" target=\"_blank\" rel=\"noreferrer noopener\">kristin.helleren@broadpark.no<\/a> <\/td><td><strong>Dugnad<\/strong><br>Merethe Bauge<br>Tlf: 957 31 538<br><a href=\"mailto:merethe.hiller@gmail.com\">merethe.hiller@gmail.com<\/a><\/td><\/tr><tr><td><strong>Sosialt<\/strong><br>Christina Fahle<br>Tlf: 488 92 286<br><a href=\"mailto:fahlechristina@gmail.com\">fahlechristina@gmail.com<\/a><\/td><td><strong>Sosialt<\/strong><br>Anja Houge<br>Tlf: 909 76 324<br><a href=\"mailto:anja.houge@hotmail.com\">anja.houge@hotmail.com<\/a><\/td><td><strong>Web<\/strong><br>Bj\u00f8rn Landr\u00e5k<br>Tlf: 995 29 077<br><a href=\"mailto:bjornlandrak@hotmail.com\">bjornlandrak@hotmail.com<\/a><\/td><\/tr><tr><td><strong>Fair Play<br><\/strong>Laget rullerer p\u00e5 Fair Play<\/td><td><strong>Inkludering<\/strong><br>Thorgeir Lund&nbsp;<br>Tlf: 916 96 880<br><a href=\"mailto:thorgeir.lund@kystverket.no\">thorgeir.lund@kystverket.no<\/a><\/td><td><\/td><\/tr><tr><td><\/td><td><\/td><td><\/td><\/tr><\/tbody><\/table><\/figure>\n","protected":false},"excerpt":{"rendered":"<p>Nye spillere som \u00f8nsker \u00e5 pr\u00f8ve seg &#8211; dere er hjertelig velkomne! Kontakt oppmann Kristin Helleren (kristin.helleren@broadpark.no) for mer info. F\u00f8lg ogs\u00e5 med p\u00e5 Facebook-siden &laquo;Hinna fotball G09&raquo; for informasjon rundt laget. Velkommen p\u00e5 trening! PS &#8211; husk&nbsp; vest, vannflaske og leggbeskyttere! TRENINGSTIDER Tirsdag 17.00 &#8211; 18.30 NSE banen (banen med l\u00f8pebane rundt) Torsdag 18.30 [&hellip;]<\/p>\n","protected":false},"author":1,"featured_media":0,"parent":0,"menu_order":0,"comment_status":"closed","ping_status":"closed","template":"","meta":{"_monsterinsights_skip_tracking":false,"_monsterinsights_sitenote_active":false,"_monsterinsights_sitenote_note":"","_monsterinsights_sitenote_category":0,"spay_email":""},"jetpack_sharing_enabled":true,"_links":{"self":[{"href":"https:\/\/ensigndev.no\/hinnafk\/wp-json\/wp\/v2\/pages\/310"}],"collection":[{"href":"https:\/\/ensigndev.no\/hinnafk\/wp-json\/wp\/v2\/pages"}],"about":[{"href":"https:\/\/ensigndev.no\/hinnafk\/wp-json\/wp\/v2\/types\/page"}],"author":[{"embeddable":true,"href":"https:\/\/ensigndev.no\/hinnafk\/wp-json\/wp\/v2\/users\/1"}],"replies":[{"embeddable":true,"href":"https:\/\/ensigndev.no\/hinnafk\/wp-json\/wp\/v2\/comments?post=310"}],"version-history":[{"count":11,"href":"https:\/\/ensigndev.no\/hinnafk\/wp-json\/wp\/v2\/pages\/310\/revisions"}],"predecessor-version":[{"id":1630,"href":"https:\/\/ensigndev.no\/hinnafk\/wp-json\/wp\/v2\/pages\/310\/revisions\/1630"}],"wp:attachment":[{"href":"https:\/\/ensigndev.no\/hinnafk\/wp-json\/wp\/v2\/media?parent=310"}],"curies":[{"name":"wp","href":"https:\/\/api.w.org\/{rel}","templated":true}]}}