{"id":185,"date":"2020-12-08T12:58:00","date_gmt":"2020-12-08T11:58:00","guid":{"rendered":"https:\/\/ensigndev.no\/hinnafk\/?page_id=185"},"modified":"2021-05-05T10:25:33","modified_gmt":"2021-05-05T08:25:33","slug":"om-klubben-historie","status":"publish","type":"page","link":"https:\/\/ensigndev.no\/hinnafk\/om-klubben-historie\/","title":{"rendered":"Om klubben &#8211; Historie"},"content":{"rendered":"\n<figure class=\"wp-block-table\"><table><tbody><tr><td><strong>Organisering<\/strong><br>Hinna Fotball er organisert som et s\u00e6ridrettslag med eget styre og og \u00e5rsm\u00f8te<br><br>&#8211; Hinna Fotball har eget Styre og Generalforsamling.<br>&#8211; Hinna Fotball er en egen juridisk enhet, og har selvstendig \u00f8konomi.<br>&#8211; Klubbhuset ble bygget i samarbeid med Stavanger Kommune og sto ferdig i 2020. Klubbhuset eies og driftes av Hinna Fotball<br>&#8211; Garderobeanlegget eies og driftes av Stavanger Kommune<br><br><strong>V\u00e5re medlemmer:<\/strong><br>836 spillere\/ledere fordelt p\u00e5\u00a061 lag. (per 1.3.2017)<br>161 i seniorseksjonen<br>201 mellom 13 &#8211; 16 \u00e5r<br>346 under 12 \u00e5r<br>139 tillitsvalgte\/ledere p\u00e5 forskjellige niv\u00e5er<br><br>Medlemsutvikling:<br>1998: 590<br>2000: 718<br>2002: 815<br>2007: 868<br>2009: 892<br><br><strong>Anlegg:<\/strong><br>&#8211; To store kunstgressbane med flomlys\u00a0<br>&#8211; En liten grusbane med flomlys<br>\u00a0 (flomlys bekostet og satt opp p\u00e5 dugnad av Hinna Fotball)<br>&#8211; En liten kunstgressbane med flomlys (finansiert av Stavanger Kommune i samarbeid med Viking og Hinna Fotball).<br><br><br><strong>Andre opplysninger<\/strong><br>Hinna Fotball ble stiftet i 1917.<br>Adresse er Ordf\u00f8rer Tveteraas gate 20<br>Daglig Leder i full stilling fra 1. februar 2000.<br><br><strong>Sportslige forhold<\/strong><br>Hinna Fotball satser p\u00e5 bredde i tilbudet til v\u00e5re barn og unge, vi er en av byens st\u00f8rste fotballklubber og har en spesielt h\u00f8y andel jenter<br>A-lag damer spiller i 2021 i 3.divisjon<br>A-lag herrer spiller i 2021 i 3.divisjon<br><br><strong>Turneringer \/ arrangementer i klubbens regi:<\/strong><br><br>Hinna Miniputturnering\u00a0&#8211;\u00a0OBOS Cup: De siste \u00e5rene har turneringen vokst til \u00e5 v\u00e6re den st\u00f8rste barnefotballturneringen p\u00e5 Nord-j\u00e6ren med 500 lag og over 3000 deltakere.<br><br>Hinna Park Cup: Ungdomsfotballturnering som arrangeres p\u00e5 h\u00f8sten. Overnattingstilbud p\u00e5 skoler og hotell. ca 80 deltakende lag.<br><br><br><strong>Hinna Fotballs sosiale engasjement i bydelen:<\/strong><br>Hinna Fotball skal v\u00e6re det viktigste sosiale samlingspunkt i bydelen.<br>Vi samarbeider med Idrettsr\u00e5det om Idrett og Utfordring der form\u00e5let er \u00e5 f\u00e5 inaktive barn og ungdom i bydelen inn i organisert idrett.<\/td><\/tr><\/tbody><\/table><\/figure>\n","protected":false},"excerpt":{"rendered":"<p>OrganiseringHinna Fotball er organisert som et s\u00e6ridrettslag med eget styre og og \u00e5rsm\u00f8te &#8211; Hinna Fotball har eget Styre og Generalforsamling.&#8211; Hinna Fotball er en egen juridisk enhet, og har selvstendig \u00f8konomi.&#8211; Klubbhuset ble bygget i samarbeid med Stavanger Kommune og sto ferdig i 2020. Klubbhuset eies og driftes av Hinna Fotball&#8211; Garderobeanlegget eies og [&hellip;]<\/p>\n","protected":false},"author":1,"featured_media":1038,"parent":0,"menu_order":0,"comment_status":"closed","ping_status":"closed","template":"","meta":{"_monsterinsights_skip_tracking":false,"_monsterinsights_sitenote_active":false,"_monsterinsights_sitenote_note":"","_monsterinsights_sitenote_category":0,"spay_email":""},"jetpack_sharing_enabled":true,"_links":{"self":[{"href":"https:\/\/ensigndev.no\/hinnafk\/wp-json\/wp\/v2\/pages\/185"}],"collection":[{"href":"https:\/\/ensigndev.no\/hinnafk\/wp-json\/wp\/v2\/pages"}],"about":[{"href":"https:\/\/ensigndev.no\/hinnafk\/wp-json\/wp\/v2\/types\/page"}],"author":[{"embeddable":true,"href":"https:\/\/ensigndev.no\/hinnafk\/wp-json\/wp\/v2\/users\/1"}],"replies":[{"embeddable":true,"href":"https:\/\/ensigndev.no\/hinnafk\/wp-json\/wp\/v2\/comments?post=185"}],"version-history":[{"count":4,"href":"https:\/\/ensigndev.no\/hinnafk\/wp-json\/wp\/v2\/pages\/185\/revisions"}],"predecessor-version":[{"id":1044,"href":"https:\/\/ensigndev.no\/hinnafk\/wp-json\/wp\/v2\/pages\/185\/revisions\/1044"}],"wp:featuredmedia":[{"embeddable":true,"href":"https:\/\/ensigndev.no\/hinnafk\/wp-json\/wp\/v2\/media\/1038"}],"wp:attachment":[{"href":"https:\/\/ensigndev.no\/hinnafk\/wp-json\/wp\/v2\/media?parent=185"}],"curies":[{"name":"wp","href":"https:\/\/api.w.org\/{rel}","templated":true}]}}