{"id":179,"date":"2020-12-08T12:56:29","date_gmt":"2020-12-08T11:56:29","guid":{"rendered":"https:\/\/ensigndev.no\/hinnafk\/?page_id=179"},"modified":"2020-12-09T07:43:59","modified_gmt":"2020-12-09T06:43:59","slug":"omberamming-av-kamp","status":"publish","type":"page","link":"https:\/\/ensigndev.no\/hinnafk\/omberamming-av-kamp\/","title":{"rendered":"For lagledere &#8211; Omberamming av kamp"},"content":{"rendered":"\n<p><strong>Kamper i\u00a0 ungdoms- og seniorfotballen som skal flyttes m\u00e5 omberammes via skjema til NFF Rogaland.<\/strong><\/p>\n\n\n\n<p>Rutine:<\/p>\n\n\n\n<p>1. Sjekk med daglig leder om det er ledig banetid p\u00e5 \u00f8nsket dato. (gjelder ved hjemmekamp)<\/p>\n\n\n\n<p>2. Sjekk med motstander om nytt tidspunkt passer<\/p>\n\n\n\n<p>3. Sjekk om oppsatt dommer kan d\u00f8mme p\u00e5 nytt tidspunkt<\/p>\n\n\n\n<p>4. Fyll ut&nbsp;<a href=\"https:\/\/www.fotball.no\/lov-og-reglement\/skjemaer-og-kontrakter\/omberamming\">omberammingsskjema<\/a><\/p>\n","protected":false},"excerpt":{"rendered":"<p>Kamper i\u00a0 ungdoms- og seniorfotballen som skal flyttes m\u00e5 omberammes via skjema til NFF Rogaland. Rutine: 1. Sjekk med daglig leder om det er ledig banetid p\u00e5 \u00f8nsket dato. (gjelder ved hjemmekamp) 2. Sjekk med motstander om nytt tidspunkt passer 3. Sjekk om oppsatt dommer kan d\u00f8mme p\u00e5 nytt tidspunkt 4. Fyll ut&nbsp;omberammingsskjema<\/p>\n","protected":false},"author":1,"featured_media":0,"parent":0,"menu_order":0,"comment_status":"closed","ping_status":"closed","template":"","meta":{"_monsterinsights_skip_tracking":false,"_monsterinsights_sitenote_active":false,"_monsterinsights_sitenote_note":"","_monsterinsights_sitenote_category":0,"spay_email":""},"jetpack_sharing_enabled":true,"_links":{"self":[{"href":"https:\/\/ensigndev.no\/hinnafk\/wp-json\/wp\/v2\/pages\/179"}],"collection":[{"href":"https:\/\/ensigndev.no\/hinnafk\/wp-json\/wp\/v2\/pages"}],"about":[{"href":"https:\/\/ensigndev.no\/hinnafk\/wp-json\/wp\/v2\/types\/page"}],"author":[{"embeddable":true,"href":"https:\/\/ensigndev.no\/hinnafk\/wp-json\/wp\/v2\/users\/1"}],"replies":[{"embeddable":true,"href":"https:\/\/ensigndev.no\/hinnafk\/wp-json\/wp\/v2\/comments?post=179"}],"version-history":[{"count":4,"href":"https:\/\/ensigndev.no\/hinnafk\/wp-json\/wp\/v2\/pages\/179\/revisions"}],"predecessor-version":[{"id":436,"href":"https:\/\/ensigndev.no\/hinnafk\/wp-json\/wp\/v2\/pages\/179\/revisions\/436"}],"wp:attachment":[{"href":"https:\/\/ensigndev.no\/hinnafk\/wp-json\/wp\/v2\/media?parent=179"}],"curies":[{"name":"wp","href":"https:\/\/api.w.org\/{rel}","templated":true}]}}