{"id":1450,"date":"2021-06-01T13:14:54","date_gmt":"2021-06-01T11:14:54","guid":{"rendered":"https:\/\/ensigndev.no\/hinnafk\/?page_id=1450"},"modified":"2021-06-01T13:14:55","modified_gmt":"2021-06-01T11:14:55","slug":"hva-er-afo","status":"publish","type":"page","link":"https:\/\/ensigndev.no\/hinnafk\/hva-er-afo\/","title":{"rendered":"Hva er AFO"},"content":{"rendered":"\n<p>AFO &#8211; Aktivitetsfritidsordning<\/p>\n\n\n\n<p>AFO er et tilbud etter skoletid for barn i 3. til 6. klasse.<\/p>\n\n\n\n<p>Dette er et tilbud startet av Hinna Fotball i 2020, uten hjelp\/tilskudd eller samarbeid med stat, fylkeskommune, kommune, skole, idrettsforbund, NAV, fotballkrets eller noen.<\/p>\n\n\n\n<p>Vi f\u00e5r alts\u00e5 ingen tilskudd og st\u00e5r fullstendig p\u00e5 egne ben. Vi f\u00f8lger samme skoleruta som J\u00e5tten Skole. Det er vel den eneste formen for samkj\u00f8ring.<\/p>\n\n\n\n<p>Vi tilbyr leksehjelp, mat og trening mandager og tirsdager (fors\u00f8ksperiode h\u00f8sten 2020 &#8211; som kan utvides).<\/p>\n\n\n\n<p>AFO g\u00e5r h\u00e5nd i h\u00e5nd med veletablerte FFO, som har eksistert siden 2006. AFO og FFO deler fasiliteter og ledere. De kommer samtidig etter skolen, leker med FFO-barn, spiser med FFO-barn &#8211; men har ofte en annen hovedaktivitet enn fotballbarna.<\/p>\n\n\n\n<p>Vi har ikke utdannede l\u00e6rere som leksehjelp. Men gjennom \u00e5rene har vi f\u00e5tt mange tilbakemeldinger fra barn og foreldre som forteller at barna l\u00e6rer ting p\u00e5 AFO, som de ikke f\u00e5r like godt til p\u00e5 skolen. Det er ingen leksetvang. Men vi fors\u00f8ker \u00e5 motivere ungene til \u00e5 f\u00e5 gjort unna leksene sine, s\u00e5 kan foreldrene bare se over arbeidet hjemme. (Vi har ofte l\u00e6rerstudenter som bidrar her)<\/p>\n\n\n\n<p>Vi har ikke utdannede kokker som lager maten. Allikevel kommer foreldre og sp\u00f8r etter oppskrifter, da barna spiser bedre p\u00e5 AFO enn hjemme. Annenhver dag serveres br\u00f8dmat. Annenhver dag varmmat. Mye pasta og risretter. Vi fors\u00f8ker \u00e5 servere sunn mat. Det betyr at det skal v\u00e6re en helt spesiell anledning f\u00f8r det f.eks st\u00e5r syltet\u00f8y p\u00e5 bordet.<\/p>\n\n\n\n<p>Trenerne v\u00e5re er stort sett fra klubbens egne rekker. A og juniorspillere.&nbsp;<\/p>\n\n\n\n<p>Vi vil ha varierte og kjekke aktiviteter til barna. Fortrinnsvis idretter. Men det kan ogs\u00e5 v\u00e6re turer, aktivitetsquizer og annet.<\/p>\n\n\n\n<p>Dette er et steg videre sammenlignet med SFO. Her legges det til grunn at barna klarer \u00e5 komme seg til og fra AFO uten hjelp fra oss. De skal kunne g\u00e5 frem og tilbake til banen fra klubbhuset, uten tilsyn, n\u00e5r de skal spille l\u00f8kkefotball eller leke. Barna trenes opp i sosiale ferdigheter p\u00e5 tvers av klasser, \u00e5rstrinn og kj\u00f8nn. Barn som ikke er modne nok til dette enda, b\u00f8r fortsette p\u00e5 SFO inntil videre.<\/p>\n\n\n\n<p>Vi har alltid inne barn med ulike utfordringer. Utgangspunktet v\u00e5rt er at vi skal fors\u00f8ke \u00e5 lage et tilbud til alle. Men i noen veldig f\u00e5 tilfeller, har vi hatt barn som sliter stort med tilpasning. Vi har hverken spesialkompetanse eller nok ledere til \u00e5 kunne jobbe mye en til en med spesialtilfeller. Spesielt ikke n\u00e5r disse er utagerende. Samtidig har vi barn her som har AFO og FFO som sin st\u00f8rste og kanskje eneste sosiale arena. Barn som ikke passer inn i skole eller SFO enda, har kanskje AFO\/FFO som den eneste sosiale og fysiske mestringsarena. Vi strekker oss da s\u00e5 langt vi kan for \u00e5 hjelpe disse.<\/p>\n\n\n\n<p><strong>&laquo;It takes a village to raise a child&raquo;<\/strong><\/p>\n\n\n\n<p>Vi er alts\u00e5 med som bidragsyter for en god oppvekst i bydelen v\u00e5r. Vi har noen regler som er ganske strenge. De eldre skal hjelpe \u00e5 l\u00e6re opp de yngre. Samtidig har barne MYE st\u00f8rre frihet p\u00e5 AFO\/FFO enn p\u00e5 skole\/SFO. Dette er med \u00e5 bygger karakter. Man f\u00e5r en god modning.<\/p>\n\n\n\n<p><strong>Dagplan:<\/strong><\/p>\n\n\n\n<p><strong>Ca 12.30-14.00&nbsp; &nbsp;&#8211;&nbsp; Frilek, lekser, egentrening<\/strong><\/p>\n\n\n\n<p><strong>1400-1425&nbsp; &#8211;&nbsp; Lunch. Annenhver dag varm og kald mat.<\/strong><\/p>\n\n\n\n<p><strong>1445 &#8211; 1555 &#8211; Hovedaktiviteten gjennomf\u00f8res.<\/strong><\/p>\n\n\n\n<p><strong>16.00-16.15 &#8211; Vi avslutter dagen og stenger av.<\/strong><\/p>\n","protected":false},"excerpt":{"rendered":"<p>AFO &#8211; Aktivitetsfritidsordning AFO er et tilbud etter skoletid for barn i 3. til 6. klasse. Dette er et tilbud startet av Hinna Fotball i 2020, uten hjelp\/tilskudd eller samarbeid med stat, fylkeskommune, kommune, skole, idrettsforbund, NAV, fotballkrets eller noen. Vi f\u00e5r alts\u00e5 ingen tilskudd og st\u00e5r fullstendig p\u00e5 egne ben. Vi f\u00f8lger samme skoleruta [&hellip;]<\/p>\n","protected":false},"author":4,"featured_media":0,"parent":0,"menu_order":0,"comment_status":"closed","ping_status":"closed","template":"","meta":{"_monsterinsights_skip_tracking":false,"_monsterinsights_sitenote_active":false,"_monsterinsights_sitenote_note":"","_monsterinsights_sitenote_category":0,"spay_email":""},"jetpack_sharing_enabled":true,"_links":{"self":[{"href":"https:\/\/ensigndev.no\/hinnafk\/wp-json\/wp\/v2\/pages\/1450"}],"collection":[{"href":"https:\/\/ensigndev.no\/hinnafk\/wp-json\/wp\/v2\/pages"}],"about":[{"href":"https:\/\/ensigndev.no\/hinnafk\/wp-json\/wp\/v2\/types\/page"}],"author":[{"embeddable":true,"href":"https:\/\/ensigndev.no\/hinnafk\/wp-json\/wp\/v2\/users\/4"}],"replies":[{"embeddable":true,"href":"https:\/\/ensigndev.no\/hinnafk\/wp-json\/wp\/v2\/comments?post=1450"}],"version-history":[{"count":1,"href":"https:\/\/ensigndev.no\/hinnafk\/wp-json\/wp\/v2\/pages\/1450\/revisions"}],"predecessor-version":[{"id":1451,"href":"https:\/\/ensigndev.no\/hinnafk\/wp-json\/wp\/v2\/pages\/1450\/revisions\/1451"}],"wp:attachment":[{"href":"https:\/\/ensigndev.no\/hinnafk\/wp-json\/wp\/v2\/media?parent=1450"}],"curies":[{"name":"wp","href":"https:\/\/api.w.org\/{rel}","templated":true}]}}