{"id":1170,"date":"2021-05-21T12:51:13","date_gmt":"2021-05-21T10:51:13","guid":{"rendered":"https:\/\/ensigndev.no\/hinnafk\/?page_id=1170"},"modified":"2021-05-21T13:00:13","modified_gmt":"2021-05-21T11:00:13","slug":"rasmusfondet","status":"publish","type":"page","link":"https:\/\/ensigndev.no\/hinnafk\/rasmusfondet\/","title":{"rendered":"Rasmusfondet"},"content":{"rendered":"\n<p><strong>Hinnas Vikingspiller, Rasmus Martinsen har tilf\u00f8rt klubben en del midler via sin overgang til Viking. Disse har vi satt inn i et fond, som skal hjelpe medlemmer med permanente eller midlertidige betalingsutfordringer.<\/strong><\/p>\n\n\n\n<p>I tillegg til overganspenger fra Viking, har Rasmusfondet f\u00e5tt st\u00f8tte fra&nbsp;<a href=\"http:\/\/hinnahillevag.frivilligsentral.no\/hinna-sanitetsforening\/\">Hinna Sanitetsforening<\/a>&nbsp;og st\u00f8tte fra&nbsp;<a href=\"https:\/\/srstiftelsen.no\/soke\/\">Sparebankstiftelsen SR-banks<\/a>&nbsp;&laquo;For Alle&raquo;-prosjekt. Nye bidrag vil alltid v\u00e6re sv\u00e6rt velkomne.<\/p>\n\n\n\n<div class=\"wp-block-file\"><a href=\"https:\/\/ensigndev.no\/hinnafk\/wp-content\/uploads\/2021\/05\/Soknadsskjema-Rasmusfondet-2021.docx\"><strong>S\u00f8knadsskjema Rasmusfondet sendes til seksjonsleder. Kontaktinformasjon og s\u00f8knadsskjema ligger i denne filen <\/strong><\/a><a href=\"https:\/\/ensigndev.no\/hinnafk\/wp-content\/uploads\/2021\/05\/Soknadsskjema-Rasmusfondet-2021.docx\" class=\"wp-block-file__button\" download>Last ned<\/a><\/div>\n\n\n\n<p><\/p>\n\n\n\n<p><\/p>\n\n\n\n<p class=\"has-text-align-center\"><strong>Vedtekter Rasmusfondet<\/strong><\/p>\n\n\n\n<p><strong>\u00a7 1<\/strong>&nbsp; <strong>Form\u00e5l<\/strong><\/p>\n\n\n\n<p>&nbsp; Hovedform\u00e5let med fondet er \u00e5 gi \u00f8konomisk st\u00f8tte til barn og ungdom, som kommer fra &nbsp; familier med &nbsp; \u00f8konomiske utfordringer. Hensikten er \u00e5 la den enkelte fotballspiller f\u00e5 kunne opprettholde samme mangfold &nbsp; av aktiviteter innen fotball som klubben tilbyr. Av &nbsp; eksempler kan det gis st\u00f8tte til utstyr, egenandel turneringer, &nbsp; kontingent, reise, lommepenger etc. Hinna Fotball ser p\u00e5 fondet som et av virkemidlene for \u00e5 kunne ha med &nbsp; \u00abFlest mulig, lengst mulig\u00bb. Intensjonen til fondet er at det ikke skal vokse stort, men skape stort<\/p>\n\n\n\n<p><strong>\u00a7 2<\/strong>&nbsp; <strong>M\u00e5lgruppe<\/strong><\/p>\n\n\n\n<p>&nbsp; St\u00f8tten er forbeholdt barn og ungdom som er aktive medlemmer, og som av ressursmessige \u00e5rsaker trenger &nbsp; hjelp\/st\u00f8tte for \u00e5 kunne delta fullt ut i klubbens aktiviteter<\/p>\n\n\n\n<p><strong>\u00a7 3<\/strong>&nbsp; <strong>Disponering<\/strong><\/p>\n\n\n\n<p>&nbsp; St\u00f8tte gis i form av kontantbel\u00f8p, som skal disponeres til det form\u00e5l s\u00f8knad er godkjent til. St\u00f8tten skal kunne &nbsp; disponeres av s\u00f8kerne alene, men og i samr\u00e5d med lagleder for det lag s\u00f8ker er medlem av. Det er fastsatt &nbsp; en \u00f8vre grense av tilskudd pr s\u00f8knad, til kr 5000,-.<\/p>\n\n\n\n<p><strong>\u00a7 4<\/strong> &nbsp; <strong>Fondseier<\/strong><\/p>\n\n\n\n<p>&nbsp; Fondseier er Hinna Fotball, og forvaltes av styret. S\u00f8knader behandler av seksjonsleder. Midler i fondet skal &nbsp; inng\u00e5 i klubbens regnskap, men tildelte midler skal \u00f8remerkes fondet<\/p>\n\n\n\n<p><strong>\u00a7 5<\/strong>&nbsp; <strong>S\u00f8knad og tildeling<\/strong><\/p>\n\n\n\n<p>&nbsp; S\u00f8knad skal v\u00e6re skriftlig (e-post er OK) henvendelse rettes til seksjonsleder eller via lagleder\/ &nbsp; foreldrekontakt. &nbsp; S\u00f8knaden skal inneholde opplysninger om hvem som s\u00f8ker, samt navn, lag, aldersklasse og &nbsp; lagleder. Beskrivelse og form\u00e5l med hva det s\u00f8kes for, skal ogs\u00e5 fremkomme. (Utstyr, reise, egenandel, &nbsp; lommepenger etc.). S\u00f8knad skal v\u00e6re avklart med foresatte.<\/p>\n\n\n\n<p>&nbsp; <strong>Kriterium <\/strong>Det er lov \u00e5 s\u00f8ke 2 ganger pr \u00e5r. Ved s\u00e6rskilte tilfeller kan 3 s\u00f8knader vurderes. S\u00f8ker skal &nbsp; v\u00e6re medlem av klubben for gjeldende sesong.<\/p>\n\n\n\n<p>&nbsp; <strong>Tildeling<\/strong> Styret vurderer og har besluttende fullmakt til \u00e5 godkjenne s\u00f8knad. Min. 2 av Breddeutvalgets &nbsp; medlemmer skal godkjenne tildeling. Utbetalingsanmodning blir sendt daglig leder. St\u00f8tte kan utbetales via &nbsp; s\u00f8kers lagleder\/ foreldrekontakt. Styrets vedtak brukes som bilag. Om st\u00f8tte ikke &nbsp; blir brukt til form\u00e5l det er &nbsp; s\u00f8kt om eller i samsvar med \u00f8vrige vilk\u00e5r for tildeling, kan hele eller deler av st\u00f8tten kreves tilbakebetalt<\/p>\n\n\n\n<p><strong>\u00a7 6<\/strong>&nbsp; <strong>Midler til fondet<\/strong><\/p>\n\n\n\n<p>&nbsp; Ved start av nytt \u00e5r skal det v\u00e6re 50.000,- tilgjengelig. Fondet fylles p\u00e5 av samarbeidspartnere, bevilgninger &nbsp; fra styret og\\eller eventuelle nye milep\u00e6ler i overgangsavtale med Viking FK oppn\u00e5dd av Rasmus<\/p>\n\n\n\n<p>&nbsp; S\u00f8knader skal v\u00e6re begrunnet og vedtekter skal legges ved. Ved tildeling skal det rettes en &nbsp; tilbakemelding med takk for st\u00f8tte, samt en oppsummering over generelle tildelinger.<\/p>\n\n\n\n<p><strong>\u00a7 7<\/strong> &nbsp; <strong>Regnskap og rapportering<\/strong><\/p>\n\n\n\n<p>&nbsp; Seksjonsleder er ansvarlig for rapportering til styret i BFK. Det gj\u00f8res i egen \u00e5rsmelding. \u00c5rsmeldingen skal &nbsp; minimum inneholde oversikt over beholdning, tildelinger, utbetalinger og evt. inndragninger i perioden<\/p>\n\n\n\n<p><strong>\u00a7 8<\/strong> &nbsp; <strong>Konfidensialitet<\/strong> &nbsp; All personinformasjon knyttet til s\u00f8knader skal behandles konfidensielt av klubben.<\/p>\n","protected":false},"excerpt":{"rendered":"<p>Hinnas Vikingspiller, Rasmus Martinsen har tilf\u00f8rt klubben en del midler via sin overgang til Viking. Disse har vi satt inn i et fond, som skal hjelpe medlemmer med permanente eller midlertidige betalingsutfordringer. I tillegg til overganspenger fra Viking, har Rasmusfondet f\u00e5tt st\u00f8tte fra&nbsp;Hinna Sanitetsforening&nbsp;og st\u00f8tte fra&nbsp;Sparebankstiftelsen SR-banks&nbsp;&laquo;For Alle&raquo;-prosjekt. Nye bidrag vil alltid v\u00e6re sv\u00e6rt velkomne. [&hellip;]<\/p>\n","protected":false},"author":4,"featured_media":1177,"parent":0,"menu_order":0,"comment_status":"closed","ping_status":"closed","template":"","meta":{"_monsterinsights_skip_tracking":false,"_monsterinsights_sitenote_active":false,"_monsterinsights_sitenote_note":"","_monsterinsights_sitenote_category":0,"spay_email":""},"jetpack_sharing_enabled":true,"_links":{"self":[{"href":"https:\/\/ensigndev.no\/hinnafk\/wp-json\/wp\/v2\/pages\/1170"}],"collection":[{"href":"https:\/\/ensigndev.no\/hinnafk\/wp-json\/wp\/v2\/pages"}],"about":[{"href":"https:\/\/ensigndev.no\/hinnafk\/wp-json\/wp\/v2\/types\/page"}],"author":[{"embeddable":true,"href":"https:\/\/ensigndev.no\/hinnafk\/wp-json\/wp\/v2\/users\/4"}],"replies":[{"embeddable":true,"href":"https:\/\/ensigndev.no\/hinnafk\/wp-json\/wp\/v2\/comments?post=1170"}],"version-history":[{"count":3,"href":"https:\/\/ensigndev.no\/hinnafk\/wp-json\/wp\/v2\/pages\/1170\/revisions"}],"predecessor-version":[{"id":1176,"href":"https:\/\/ensigndev.no\/hinnafk\/wp-json\/wp\/v2\/pages\/1170\/revisions\/1176"}],"wp:featuredmedia":[{"embeddable":true,"href":"https:\/\/ensigndev.no\/hinnafk\/wp-json\/wp\/v2\/media\/1177"}],"wp:attachment":[{"href":"https:\/\/ensigndev.no\/hinnafk\/wp-json\/wp\/v2\/media?parent=1170"}],"curies":[{"name":"wp","href":"https:\/\/api.w.org\/{rel}","templated":true}]}}