{"id":1154,"date":"2021-05-20T14:44:17","date_gmt":"2021-05-20T12:44:17","guid":{"rendered":"https:\/\/ensigndev.no\/hinnafk\/?page_id=1154"},"modified":"2021-05-21T12:42:57","modified_gmt":"2021-05-21T10:42:57","slug":"soke-om-politiattest-her","status":"publish","type":"page","link":"https:\/\/ensigndev.no\/hinnafk\/soke-om-politiattest-her\/","title":{"rendered":"S\u00f8ke om politiattest her"},"content":{"rendered":"\n<p><\/p>\n\n\n\n<p>Alle trenere og ledere i Hinna Fotball m\u00e5 s\u00f8ke om politiattest. Gyldig politiattest sendes til&nbsp;<a href=\"mailto:marked@hinnafk.no\">marked@hinnafk.no<\/a>&nbsp;for registrering i klubbens systemer. Etter registrering blir alle politiattester sletter fra v\u00e5re systemer i henhold til gjeldende retningslinjer<\/p>\n\n\n\n<p><strong>Hvordan s\u00f8ke?<\/strong><\/p>\n\n\n\n<p>1. \u00a0<strong><a href=\"https:\/\/www.politi.no\/tjenester\/politiattest\/\"><a href=\"https:\/\/attest.politiet.no\/web\/\">Klikk her for \u00e5 s\u00f8ke om politiattest<\/a><\/a><\/strong><\/p>\n\n\n\n<p>2. I linken over trengs det \u00e5 laste opp ett &laquo;Bekreftelse p\u00e5 form\u00e5l&raquo; skjema. Hinna Fotball sitt\u00a0bekreftelse p\u00e5 form\u00e5l finnes <a href=\"https:\/\/ensigndev.no\/hinnafk\/wp-content\/uploads\/2021\/05\/Bekreftelse-pa-politattest-200521.pdf\">her<\/a>. Denne signeres og lastes opp<\/p>\n\n\n\n<p>3. Etter&nbsp;x antall&nbsp;uker vil du motta en bekreftelse fra Politiet. Denne&nbsp;sendes&nbsp;p\u00e5 e-post&nbsp;til&nbsp;<a href=\"mailto:marked@hinnafk.no\">marked@hinnafk.no<\/a>&nbsp;&nbsp;for registrering i v\u00e5rt Politiattest register.<\/p>\n\n\n\n<p>4. Du vil motta en bekreftelse fra Hinna Fotball p\u00e5 at politiattest er mottatt og registrert<\/p>\n\n\n\n<div class=\"wp-block-file\"><a href=\"https:\/\/ensigndev.no\/hinnafk\/wp-content\/uploads\/2021\/05\/Bekreftelse-pa-politattest-200521.pdf\">Bekreftelse p\u00e5 form\u00e5l<\/a><a href=\"https:\/\/ensigndev.no\/hinnafk\/wp-content\/uploads\/2021\/05\/Bekreftelse-pa-politattest-200521.pdf\" class=\"wp-block-file__button\" download>Last ned<\/a><\/div>\n\n\n\n<p><\/p>\n","protected":false},"excerpt":{"rendered":"<p>Alle trenere og ledere i Hinna Fotball m\u00e5 s\u00f8ke om politiattest. Gyldig politiattest sendes til&nbsp;marked@hinnafk.no&nbsp;for registrering i klubbens systemer. Etter registrering blir alle politiattester sletter fra v\u00e5re systemer i henhold til gjeldende retningslinjer Hvordan s\u00f8ke? 1. \u00a0Klikk her for \u00e5 s\u00f8ke om politiattest 2. I linken over trengs det \u00e5 laste opp ett &laquo;Bekreftelse p\u00e5 [&hellip;]<\/p>\n","protected":false},"author":4,"featured_media":0,"parent":0,"menu_order":0,"comment_status":"closed","ping_status":"closed","template":"","meta":{"_monsterinsights_skip_tracking":false,"_monsterinsights_sitenote_active":false,"_monsterinsights_sitenote_note":"","_monsterinsights_sitenote_category":0,"spay_email":""},"jetpack_sharing_enabled":true,"_links":{"self":[{"href":"https:\/\/ensigndev.no\/hinnafk\/wp-json\/wp\/v2\/pages\/1154"}],"collection":[{"href":"https:\/\/ensigndev.no\/hinnafk\/wp-json\/wp\/v2\/pages"}],"about":[{"href":"https:\/\/ensigndev.no\/hinnafk\/wp-json\/wp\/v2\/types\/page"}],"author":[{"embeddable":true,"href":"https:\/\/ensigndev.no\/hinnafk\/wp-json\/wp\/v2\/users\/4"}],"replies":[{"embeddable":true,"href":"https:\/\/ensigndev.no\/hinnafk\/wp-json\/wp\/v2\/comments?post=1154"}],"version-history":[{"count":5,"href":"https:\/\/ensigndev.no\/hinnafk\/wp-json\/wp\/v2\/pages\/1154\/revisions"}],"predecessor-version":[{"id":1168,"href":"https:\/\/ensigndev.no\/hinnafk\/wp-json\/wp\/v2\/pages\/1154\/revisions\/1168"}],"wp:attachment":[{"href":"https:\/\/ensigndev.no\/hinnafk\/wp-json\/wp\/v2\/media?parent=1154"}],"curies":[{"name":"wp","href":"https:\/\/api.w.org\/{rel}","templated":true}]}}