{"id":1094,"date":"2021-05-10T13:17:03","date_gmt":"2021-05-10T11:17:03","guid":{"rendered":"https:\/\/ensigndev.no\/hinnafk\/?page_id=1094"},"modified":"2021-05-10T13:17:05","modified_gmt":"2021-05-10T11:17:05","slug":"intersport-utstyrsavtale","status":"publish","type":"page","link":"https:\/\/ensigndev.no\/hinnafk\/intersport-utstyrsavtale\/","title":{"rendered":"Intersport Utstyrsavtale"},"content":{"rendered":"\n<p><strong>Hinna Fotball har inng\u00e5tt en ny utstyrsavtale med Adidas og Intersport Forus frem til 2024.<\/strong><strong>&nbsp;&nbsp;&nbsp;&nbsp;&nbsp;&nbsp;&nbsp;&nbsp;&nbsp;&nbsp;&nbsp;&nbsp;&nbsp;&nbsp;&nbsp;&nbsp;&nbsp;&nbsp;&nbsp;&nbsp;&nbsp;&nbsp;<\/strong><\/p>\n\n\n\n<p>Alle medlemmer og st\u00f8tteapparat som er registrert i v\u00e5rt medlemsregister har f\u00e5tt tilsendt en mail og sms fra Intersport med ett digitalt medlemskort som skal lagres p\u00e5 mobilen (fungerer som en app). Dette er n\u00f8dt \u00e5 benyttes ved kj\u00f8p for \u00e5 f\u00e5 Hinna Fotball sine rabatter. Skulle det v\u00e6re noen som ikke har mulighet til \u00e5 laste ned ett slikt medlemskort til sin mobil&nbsp; eller ikke har mottatt m\u00e5 du sende mail til&nbsp;<a href=\"mailto:marked@hinnafk.no\">marked@hinnafk.no<\/a><\/p>\n\n\n\n<p><strong>Medlemmene til Hinna Fotball f\u00e5r f\u00f8lgende rabatter:<\/strong><\/p>\n\n\n\n<ul><li>20% p\u00e5 klubbkolleksjon og klubbrelaterte varer<\/li><li>28% p\u00e5 sko\\fotballst\u00f8vler<\/li><li>15% rabatt p\u00e5 annet sortiment i butikken<\/li><li>10% p\u00e5 skipakker og sykkel<\/li><li>Eksklusive medlemstilbud<\/li><li>Butikk som er \u00e5pen&nbsp;til 20.00 p\u00e5 hverdager og l\u00f8rdag 18.00<\/li><\/ul>\n\n\n\n<figure class=\"wp-block-image size-large\"><img loading=\"lazy\" width=\"227\" height=\"206\" src=\"https:\/\/ensigndev.no\/hinnafk\/wp-content\/uploads\/2021\/05\/image-1.png\" alt=\"\" class=\"wp-image-1095\"\/><\/figure>\n\n\n\n<p>I tillegg mottar klubben en egen utbetaling (kick back) basert p\u00e5 totalomsetningen, akkurat slik som vi gj\u00f8r p\u00e5 Grasrotandelen, s\u00e5 det er meget viktig \u00e5 vise til klubbavtalen og skanne klubbkortet selv p\u00e5 produkter du ikke f\u00e5r rabatt p\u00e5. Dette er penger som utbetales tilbake til klubben og g\u00e5r tilbake til drift av avdelingen<\/p>\n\n\n\n<p>Rabatter og betingelser er ment \u00e5 forst\u00e5 p\u00e5 s.k. veiledende\/ordin\u00e6re katalogpriser og kan ikke kombineres med andre rabatter. Nevnte rabatter gjelder ikke p\u00e5 f\u00f8lgende priser\/varer:<\/p>\n\n\n\n<ol><li>Tilbud\/salgsvarer &#8211; allerede nedsatte\/rabatterte varer, pakkel\u00f8sninger og spesielt markedstilpassede priser.<\/li><li>V\u00e5pen, ammunisjon, optikk, elektronikk, og tilsvarende varer.<\/li><li>Gavekort\/verdikort<\/li><li>Netthandel o.l., kun ved direkte kj\u00f8p ved oppm\u00f8te i de butikkene avtalen omfatter.<\/li><\/ol>\n\n\n\n<p>Medlemmene vil alltid f\u00e5 den laveste prisen jamf\u00f8r gitte betingelser og eventuelle forbehold nevnt over<\/p>\n\n\n\n<p><strong>Klubbkort<\/strong><\/p>\n\n\n\n<p>Legg digitalt klubbkort til din hjemskjerm p\u00e5 din mobil,&nbsp;<a href=\"http:\/\/www.hinnafk.no\/doc\/\/Administrasjon\/Klubbkort%20instruksjoner.docx\">klikk her for fremgangsm\u00e5te<\/a>&nbsp;(Android\\iPhone\\Windows)<\/p>\n\n\n\n<p><strong>Bestilling igjennom klubb<\/strong><\/p>\n\n\n\n<p>Betingelser Ved&nbsp;<strong>samlet lagsbestilling<\/strong>&nbsp;igjennom klubb gir 45% rabatt og da benyttes eget&nbsp;<a href=\"http:\/\/www.hinnafk.no\/doc\/\/UTSTYR%20OG%20DRAKTSKJEMA%202016.xlsx\">bestillings skjema&nbsp;<\/a>og denne levere&nbsp;<a href=\"mailto:erling@hinnafk.no\"><strong>materialforvalter&nbsp;<\/strong><\/a>for bestilling &nbsp;mot Intersport\/ Adidas. Du kan selvsagt g\u00e5 ned og pr\u00f8ve i butikken for \u00e5 sikre at riktig st\u00f8rrelse bestilles.<\/p>\n\n\n\n<p>Spillerdrakter kj\u00f8pes inn av materialforvalter&nbsp;og skal kun inneholde klubbens draktsponsorer.<\/p>\n\n\n\n<p>Det er lov \u00e5 hente&nbsp;inn egne sponsorer for innkj\u00f8p av treningsutstyr, disse sponsorene skal godkjennes av daglig leder! Resultat av dette er&nbsp;normalt at en logo for denne sponsing skal medf\u00f8lge&nbsp;p\u00e5 treningsutstyret.&nbsp;Denne logo skal ikke komme i konflikt med hovedsponsor og komme under denne.&nbsp;<\/p>\n\n\n\n<p><strong>Alle innkj\u00f8p \/bestillinger\u00a0for Hinna Fotball<\/strong>\u00a0skal\u00a0g\u00e5 gjennom\u00a0daglig leder\u00a0slik at vi sikrer at v\u00e5re innkj\u00f8ps- og profil forpliktelser til en hver tid blir ivaretatt.<\/p>\n\n\n\n<p>Klubbkolleksjonen<\/p>\n\n\n\n<p><\/p>\n","protected":false},"excerpt":{"rendered":"<p>Hinna Fotball har inng\u00e5tt en ny utstyrsavtale med Adidas og Intersport Forus frem til 2024.&nbsp;&nbsp;&nbsp;&nbsp;&nbsp;&nbsp;&nbsp;&nbsp;&nbsp;&nbsp;&nbsp;&nbsp;&nbsp;&nbsp;&nbsp;&nbsp;&nbsp;&nbsp;&nbsp;&nbsp;&nbsp;&nbsp; Alle medlemmer og st\u00f8tteapparat som er registrert i v\u00e5rt medlemsregister har f\u00e5tt tilsendt en mail og sms fra Intersport med ett digitalt medlemskort som skal lagres p\u00e5 mobilen (fungerer som en app). Dette er n\u00f8dt \u00e5 benyttes ved kj\u00f8p for [&hellip;]<\/p>\n","protected":false},"author":4,"featured_media":0,"parent":0,"menu_order":0,"comment_status":"closed","ping_status":"closed","template":"","meta":{"_monsterinsights_skip_tracking":false,"_monsterinsights_sitenote_active":false,"_monsterinsights_sitenote_note":"","_monsterinsights_sitenote_category":0,"spay_email":""},"jetpack_sharing_enabled":true,"_links":{"self":[{"href":"https:\/\/ensigndev.no\/hinnafk\/wp-json\/wp\/v2\/pages\/1094"}],"collection":[{"href":"https:\/\/ensigndev.no\/hinnafk\/wp-json\/wp\/v2\/pages"}],"about":[{"href":"https:\/\/ensigndev.no\/hinnafk\/wp-json\/wp\/v2\/types\/page"}],"author":[{"embeddable":true,"href":"https:\/\/ensigndev.no\/hinnafk\/wp-json\/wp\/v2\/users\/4"}],"replies":[{"embeddable":true,"href":"https:\/\/ensigndev.no\/hinnafk\/wp-json\/wp\/v2\/comments?post=1094"}],"version-history":[{"count":1,"href":"https:\/\/ensigndev.no\/hinnafk\/wp-json\/wp\/v2\/pages\/1094\/revisions"}],"predecessor-version":[{"id":1097,"href":"https:\/\/ensigndev.no\/hinnafk\/wp-json\/wp\/v2\/pages\/1094\/revisions\/1097"}],"wp:attachment":[{"href":"https:\/\/ensigndev.no\/hinnafk\/wp-json\/wp\/v2\/media?parent=1094"}],"curies":[{"name":"wp","href":"https:\/\/api.w.org\/{rel}","templated":true}]}}