{"id":1088,"date":"2021-05-10T09:43:45","date_gmt":"2021-05-10T07:43:45","guid":{"rendered":"https:\/\/ensigndev.no\/hinnafk\/?page_id=1088"},"modified":"2021-05-10T09:43:46","modified_gmt":"2021-05-10T07:43:46","slug":"toyota-sorvest-as","status":"publish","type":"page","link":"https:\/\/ensigndev.no\/hinnafk\/toyota-sorvest-as\/","title":{"rendered":"Toyota S\u00f8rvest AS"},"content":{"rendered":"\n<p>Toyota S\u00f8rvest AS er i 2018&nbsp;ny hovedsponsor av Hinna Fotball. Bedriften har v\u00e6rt en st\u00f8ttespiller av Hinna Fotball i lang tid, og har n\u00e5 veldig gledelig valgt \u00e5 \u00f8ke sitt engasjement i klubben. Lokal tilh\u00f8riget er viktig for Toyota S\u00f8rvest AS som lenge har holdt til p\u00e5 Mariero og n\u00e5 er flyttet til Bilbyen p\u00e5 Forus.<\/p>\n\n\n\n<p>Toyota S\u00f8rvest&nbsp;vil v\u00e6re \u00e5 finne som hovedsponsor p\u00e5 A-lagenes drakter, profilering p\u00e5 klubbkolleksjonen, samt arenareklame. Vi ser fram til godt samarbeid og er str\u00e5lende forn\u00f8yd med \u00e5 spille p\u00e5 lag med ekte Hinnavenner!<\/p>\n\n\n\n<p>Toyta S\u00f8rvest \u00f8nsker \u00e5 tilby Hinna Fotball medlemmer eksklusive medlemstilbud:<\/p>\n\n\n\n<p><strong>NYHET!!!!!<\/strong><\/p>\n\n\n\n<p><strong>Toyota S\u00f8rvest tilbyr ekstra rabatt ved kj\u00f8p og Privatleie av nybil ved visning av medlemskap hos Hinna FK.<br>Samtidig gir vi Toyota S\u00f8rvest 1000,- i st\u00f8tte til Hinna Fotball!<\/strong><\/p>\n\n\n\n<p><a href=\"https:\/\/www.toyotasorvest.no\/\">https:\/\/www.toyotasorvest.no\/<\/a><\/p>\n\n\n\n<figure class=\"wp-block-image size-large\"><img loading=\"lazy\" width=\"768\" height=\"1024\" src=\"https:\/\/ensigndev.no\/hinnafk\/wp-content\/uploads\/2021\/05\/bil-768x1024.jpg\" alt=\"\" class=\"wp-image-1091\" srcset=\"https:\/\/ensigndev.no\/hinnafk\/wp-content\/uploads\/2021\/05\/bil-768x1024.jpg 768w, https:\/\/ensigndev.no\/hinnafk\/wp-content\/uploads\/2021\/05\/bil-225x300.jpg 225w, https:\/\/ensigndev.no\/hinnafk\/wp-content\/uploads\/2021\/05\/bil-1152x1536.jpg 1152w, https:\/\/ensigndev.no\/hinnafk\/wp-content\/uploads\/2021\/05\/bil-1320x1760.jpg 1320w, https:\/\/ensigndev.no\/hinnafk\/wp-content\/uploads\/2021\/05\/bil.jpg 1536w\" sizes=\"(max-width: 768px) 100vw, 768px\" \/><\/figure>\n","protected":false},"excerpt":{"rendered":"<p>Toyota S\u00f8rvest AS er i 2018&nbsp;ny hovedsponsor av Hinna Fotball. Bedriften har v\u00e6rt en st\u00f8ttespiller av Hinna Fotball i lang tid, og har n\u00e5 veldig gledelig valgt \u00e5 \u00f8ke sitt engasjement i klubben. Lokal tilh\u00f8riget er viktig for Toyota S\u00f8rvest AS som lenge har holdt til p\u00e5 Mariero og n\u00e5 er flyttet til Bilbyen p\u00e5 [&hellip;]<\/p>\n","protected":false},"author":4,"featured_media":1091,"parent":0,"menu_order":0,"comment_status":"closed","ping_status":"closed","template":"","meta":{"_monsterinsights_skip_tracking":false,"_monsterinsights_sitenote_active":false,"_monsterinsights_sitenote_note":"","_monsterinsights_sitenote_category":0,"spay_email":""},"jetpack_sharing_enabled":true,"_links":{"self":[{"href":"https:\/\/ensigndev.no\/hinnafk\/wp-json\/wp\/v2\/pages\/1088"}],"collection":[{"href":"https:\/\/ensigndev.no\/hinnafk\/wp-json\/wp\/v2\/pages"}],"about":[{"href":"https:\/\/ensigndev.no\/hinnafk\/wp-json\/wp\/v2\/types\/page"}],"author":[{"embeddable":true,"href":"https:\/\/ensigndev.no\/hinnafk\/wp-json\/wp\/v2\/users\/4"}],"replies":[{"embeddable":true,"href":"https:\/\/ensigndev.no\/hinnafk\/wp-json\/wp\/v2\/comments?post=1088"}],"version-history":[{"count":1,"href":"https:\/\/ensigndev.no\/hinnafk\/wp-json\/wp\/v2\/pages\/1088\/revisions"}],"predecessor-version":[{"id":1092,"href":"https:\/\/ensigndev.no\/hinnafk\/wp-json\/wp\/v2\/pages\/1088\/revisions\/1092"}],"wp:featuredmedia":[{"embeddable":true,"href":"https:\/\/ensigndev.no\/hinnafk\/wp-json\/wp\/v2\/media\/1091"}],"wp:attachment":[{"href":"https:\/\/ensigndev.no\/hinnafk\/wp-json\/wp\/v2\/media?parent=1088"}],"curies":[{"name":"wp","href":"https:\/\/api.w.org\/{rel}","templated":true}]}}